{"id":46,"date":"2019-05-10T20:20:55","date_gmt":"2019-05-10T20:20:55","guid":{"rendered":"http:\/\/cityelectro.ch\/?page_id=46"},"modified":"2020-02-14T15:50:16","modified_gmt":"2020-02-14T15:50:16","slug":"notfaelle","status":"publish","type":"page","link":"https:\/\/cityelectro.ch\/index.php\/notfaelle\/","title":{"rendered":"Notf\u00e4lle"},"content":{"rendered":"\t\t<div data-elementor-type=\"wp-post\" data-elementor-id=\"46\" class=\"elementor elementor-46\">\n\t\t\t\t\t\t<section class=\"elementor-section elementor-top-section elementor-element elementor-element-1336667 elementor-section-boxed elementor-section-height-default elementor-section-height-default\" data-id=\"1336667\" data-element_type=\"section\" data-e-type=\"section\">\n\t\t\t\t\t\t<div class=\"elementor-container elementor-column-gap-default\">\n\t\t\t\t\t<div class=\"elementor-column elementor-col-100 elementor-top-column elementor-element elementor-element-c9cb5fa\" data-id=\"c9cb5fa\" data-element_type=\"column\" data-e-type=\"column\">\n\t\t\t<div class=\"elementor-widget-wrap elementor-element-populated\">\n\t\t\t\t\t\t<div class=\"elementor-element elementor-element-ef8232e elementor-widget elementor-widget-spacer\" data-id=\"ef8232e\" data-element_type=\"widget\" data-e-type=\"widget\" data-widget_type=\"spacer.default\">\n\t\t\t\t<div class=\"elementor-widget-container\">\n\t\t\t\t\t\t\t<div class=\"elementor-spacer\">\n\t\t\t<div class=\"elementor-spacer-inner\"><\/div>\n\t\t<\/div>\n\t\t\t\t\t\t<\/div>\n\t\t\t\t<\/div>\n\t\t\t\t\t<\/div>\n\t\t<\/div>\n\t\t\t\t\t<\/div>\n\t\t<\/section>\n\t\t\t\t<section class=\"elementor-section elementor-top-section elementor-element elementor-element-3359986 elementor-section-boxed elementor-section-height-default elementor-section-height-default\" data-id=\"3359986\" data-element_type=\"section\" data-e-type=\"section\">\n\t\t\t\t\t\t<div class=\"elementor-container elementor-column-gap-default\">\n\t\t\t\t\t<div class=\"elementor-column elementor-col-100 elementor-top-column elementor-element elementor-element-f7526c5\" data-id=\"f7526c5\" data-element_type=\"column\" data-e-type=\"column\">\n\t\t\t<div class=\"elementor-widget-wrap elementor-element-populated\">\n\t\t\t\t\t\t<div class=\"elementor-element elementor-element-e80f740 elementor-view-default elementor-widget elementor-widget-icon\" data-id=\"e80f740\" data-element_type=\"widget\" data-e-type=\"widget\" data-widget_type=\"icon.default\">\n\t\t\t\t<div class=\"elementor-widget-container\">\n\t\t\t\t\t\t\t<div class=\"elementor-icon-wrapper\">\n\t\t\t<div class=\"elementor-icon\">\n\t\t\t<i aria-hidden=\"true\" class=\"fas fa-exclamation-triangle\"><\/i>\t\t\t<\/div>\n\t\t<\/div>\n\t\t\t\t\t\t<\/div>\n\t\t\t\t<\/div>\n\t\t\t\t\t<\/div>\n\t\t<\/div>\n\t\t\t\t<div class=\"elementor-column elementor-col-100 elementor-top-column elementor-element elementor-element-b95c8f9\" data-id=\"b95c8f9\" data-element_type=\"column\" data-e-type=\"column\">\n\t\t\t<div class=\"elementor-widget-wrap elementor-element-populated\">\n\t\t\t\t\t\t<div class=\"elementor-element elementor-element-1e19c8a elementor-widget elementor-widget-heading\" data-id=\"1e19c8a\" data-element_type=\"widget\" data-e-type=\"widget\" data-widget_type=\"heading.default\">\n\t\t\t\t<div class=\"elementor-widget-container\">\n\t\t\t\t\t<h2 class=\"elementor-heading-title elementor-size-default\">Notf\u00e4lle kennen keine \u00d6ffnungszeiten!<\/h2>\t\t\t\t<\/div>\n\t\t\t\t<\/div>\n\t\t\t\t\t<\/div>\n\t\t<\/div>\n\t\t\t\t\t<\/div>\n\t\t<\/section>\n\t\t\t\t<section class=\"elementor-section elementor-top-section elementor-element elementor-element-0151146 elementor-section-boxed elementor-section-height-default elementor-section-height-default\" data-id=\"0151146\" data-element_type=\"section\" data-e-type=\"section\">\n\t\t\t\t\t\t<div class=\"elementor-container elementor-column-gap-default\">\n\t\t\t\t\t<div class=\"elementor-column elementor-col-100 elementor-top-column elementor-element elementor-element-1e8f025\" data-id=\"1e8f025\" data-element_type=\"column\" data-e-type=\"column\">\n\t\t\t<div class=\"elementor-widget-wrap elementor-element-populated\">\n\t\t\t\t\t\t<div class=\"elementor-element elementor-element-306e1e2 elementor-widget elementor-widget-spacer\" data-id=\"306e1e2\" data-element_type=\"widget\" data-e-type=\"widget\" data-widget_type=\"spacer.default\">\n\t\t\t\t<div class=\"elementor-widget-container\">\n\t\t\t\t\t\t\t<div class=\"elementor-spacer\">\n\t\t\t<div class=\"elementor-spacer-inner\"><\/div>\n\t\t<\/div>\n\t\t\t\t\t\t<\/div>\n\t\t\t\t<\/div>\n\t\t\t\t\t<\/div>\n\t\t<\/div>\n\t\t\t\t\t<\/div>\n\t\t<\/section>\n\t\t\t\t<section class=\"elementor-section elementor-top-section elementor-element elementor-element-9c6408e elementor-section-boxed elementor-section-height-default elementor-section-height-default\" data-id=\"9c6408e\" data-element_type=\"section\" data-e-type=\"section\">\n\t\t\t\t\t\t<div class=\"elementor-container elementor-column-gap-default\">\n\t\t\t\t\t<div class=\"elementor-column elementor-col-100 elementor-top-column elementor-element elementor-element-9569c49\" data-id=\"9569c49\" data-element_type=\"column\" data-e-type=\"column\">\n\t\t\t<div class=\"elementor-widget-wrap elementor-element-populated\">\n\t\t\t\t\t\t<div class=\"elementor-element elementor-element-b60160e elementor-widget elementor-widget-text-editor\" data-id=\"b60160e\" data-element_type=\"widget\" data-e-type=\"widget\" data-widget_type=\"text-editor.default\">\n\t\t\t\t<div class=\"elementor-widget-container\">\n\t\t\t\t\t\t\t\t\t<p><em><span style=\"color: #333333;\">Ein Elektro Notfall kommt immer zur falschen Zeit. Wir sind schnell zur Stelle<\/span><\/em><\/p>\t\t\t\t\t\t\t\t<\/div>\n\t\t\t\t<\/div>\n\t\t\t\t\t<\/div>\n\t\t<\/div>\n\t\t\t\t\t<\/div>\n\t\t<\/section>\n\t\t\t\t<section class=\"elementor-section elementor-top-section elementor-element elementor-element-8fb92e9 elementor-section-boxed elementor-section-height-default elementor-section-height-default\" data-id=\"8fb92e9\" data-element_type=\"section\" data-e-type=\"section\">\n\t\t\t\t\t\t<div class=\"elementor-container elementor-column-gap-default\">\n\t\t\t\t\t<div class=\"elementor-column elementor-col-33 elementor-top-column elementor-element elementor-element-43d7504\" data-id=\"43d7504\" data-element_type=\"column\" data-e-type=\"column\">\n\t\t\t<div class=\"elementor-widget-wrap elementor-element-populated\">\n\t\t\t\t\t\t<div class=\"elementor-element elementor-element-488efe0 elementor-widget elementor-widget-text-editor\" data-id=\"488efe0\" data-element_type=\"widget\" data-e-type=\"widget\" data-widget_type=\"text-editor.default\">\n\t\t\t\t<div class=\"elementor-widget-container\">\n\t\t\t\t\t\t\t\t\t<div class=\"wpb_text_column \">\u00a0<\/div><div class=\"wpb_text_column \"><p><span style=\"color: #333333;\">Unsere Elektriker sind im Notfall\u00a0<strong>t\u00e4glich 24 Stunden<\/strong> f\u00fcr Sie erreichbar. Um welches Elektro Problem es sich auch immer handelt, wir stehen mit Kompetenz und Einsatz bereit.\u00a0 <\/span><span style=\"color: #333333;\">Wir werden Ihnen sofort Ratschl\u00e4ge f\u00fcr eine allf\u00e4llige Schadensminderung geben und schicken umgehend einen Notfall Elektriker vorbei.<\/span><\/p><\/div>\t\t\t\t\t\t\t\t<\/div>\n\t\t\t\t<\/div>\n\t\t\t\t\t<\/div>\n\t\t<\/div>\n\t\t\t\t<div class=\"elementor-column elementor-col-100 elementor-top-column elementor-element elementor-element-421167f\" data-id=\"421167f\" data-element_type=\"column\" data-e-type=\"column\">\n\t\t\t<div class=\"elementor-widget-wrap elementor-element-populated\">\n\t\t\t\t\t\t<div class=\"elementor-element elementor-element-dba5294 elementor-widget elementor-widget-image\" data-id=\"dba5294\" data-element_type=\"widget\" data-e-type=\"widget\" data-widget_type=\"image.default\">\n\t\t\t\t<div class=\"elementor-widget-container\">\n\t\t\t\t\t\t\t\t\t\t\t\t\t\t\t<img decoding=\"async\" width=\"150\" height=\"150\" src=\"https:\/\/cityelectro.ch\/wp-content\/uploads\/2019\/05\/Notfall-Elektriker-300x300-150x150.png\" class=\"attachment-thumbnail size-thumbnail wp-image-131\" alt=\"\" srcset=\"https:\/\/cityelectro.ch\/wp-content\/uploads\/2019\/05\/Notfall-Elektriker-300x300-150x150.png 150w, https:\/\/cityelectro.ch\/wp-content\/uploads\/2019\/05\/Notfall-Elektriker-300x300-100x100.png 100w, https:\/\/cityelectro.ch\/wp-content\/uploads\/2019\/05\/Notfall-Elektriker-300x300.png 300w\" sizes=\"(max-width: 150px) 100vw, 150px\" \/>\t\t\t\t\t\t\t\t\t\t\t\t\t\t\t<\/div>\n\t\t\t\t<\/div>\n\t\t\t\t\t<\/div>\n\t\t<\/div>\n\t\t\t\t<div class=\"elementor-column elementor-col-50 elementor-top-column elementor-element elementor-element-bfceba0\" data-id=\"bfceba0\" data-element_type=\"column\" data-e-type=\"column\">\n\t\t\t<div class=\"elementor-widget-wrap elementor-element-populated\">\n\t\t\t\t\t\t<div class=\"elementor-element elementor-element-ca3fcd5 elementor-widget elementor-widget-text-editor\" data-id=\"ca3fcd5\" data-element_type=\"widget\" data-e-type=\"widget\" data-widget_type=\"text-editor.default\">\n\t\t\t\t<div class=\"elementor-widget-container\">\n\t\t\t\t\t\t\t\t\t<h4><span style=\"color: #333333;\"><strong><br \/>Sie brauchen einen Notfallelektriker?<br \/><\/strong><\/span><\/h4><p><span style=\"color: #333333;\"><strong>24 Stunden, w\u00e4hrend 365 Tagen.<\/strong><\/span><\/p><p><span style=\"color: #333333;\"><strong>TELEFON\u00a0 078 88 1 88 82<\/strong><\/span><\/p>\t\t\t\t\t\t\t\t<\/div>\n\t\t\t\t<\/div>\n\t\t\t\t\t<\/div>\n\t\t<\/div>\n\t\t\t\t\t<\/div>\n\t\t<\/section>\n\t\t\t\t<section class=\"elementor-section elementor-top-section elementor-element elementor-element-7474210 elementor-section-boxed elementor-section-height-default elementor-section-height-default\" data-id=\"7474210\" data-element_type=\"section\" data-e-type=\"section\">\n\t\t\t\t\t\t<div class=\"elementor-container elementor-column-gap-default\">\n\t\t\t\t\t\t<\/div>\n\t\t<\/section>\n\t\t\t\t<section class=\"elementor-section elementor-top-section elementor-element elementor-element-57f365f elementor-section-boxed elementor-section-height-default elementor-section-height-default\" data-id=\"57f365f\" data-element_type=\"section\" data-e-type=\"section\">\n\t\t\t\t\t\t<div class=\"elementor-container elementor-column-gap-default\">\n\t\t\t\t\t<div class=\"elementor-column elementor-col-100 elementor-top-column elementor-element elementor-element-86fac10\" data-id=\"86fac10\" data-element_type=\"column\" data-e-type=\"column\">\n\t\t\t<div class=\"elementor-widget-wrap elementor-element-populated\">\n\t\t\t\t\t\t<div class=\"elementor-element elementor-element-b677fd9 elementor-view-default elementor-widget elementor-widget-icon\" data-id=\"b677fd9\" data-element_type=\"widget\" data-e-type=\"widget\" data-widget_type=\"icon.default\">\n\t\t\t\t<div class=\"elementor-widget-container\">\n\t\t\t\t\t\t\t<div class=\"elementor-icon-wrapper\">\n\t\t\t<div class=\"elementor-icon\">\n\t\t\t<i aria-hidden=\"true\" class=\"far fa-lightbulb\"><\/i>\t\t\t<\/div>\n\t\t<\/div>\n\t\t\t\t\t\t<\/div>\n\t\t\t\t<\/div>\n\t\t\t\t\t<\/div>\n\t\t<\/div>\n\t\t\t\t<div class=\"elementor-column elementor-col-33 elementor-top-column elementor-element elementor-element-caf578c\" data-id=\"caf578c\" data-element_type=\"column\" data-e-type=\"column\" data-settings=\"{&quot;background_background&quot;:&quot;classic&quot;}\">\n\t\t\t<div class=\"elementor-widget-wrap elementor-element-populated\">\n\t\t\t\t\t\t<div class=\"elementor-element elementor-element-65e0ebe elementor-widget elementor-widget-text-editor\" data-id=\"65e0ebe\" data-element_type=\"widget\" data-e-type=\"widget\" data-widget_type=\"text-editor.default\">\n\t\t\t\t<div class=\"elementor-widget-container\">\n\t\t\t\t\t\t\t\t\t<p style=\"text-align: left;\"><span style=\"color: #333333;\">Bei Ausf\u00e4llen elektrischer Anlagen und Systemen ist schnelles Handeln angesagt, die Uhrzeit kann dabei keine Rolle spielen. Unsere Notfallelektriker stehen rund um die Uhr f\u00fcr Sie bereit.<\/span><\/p>\t\t\t\t\t\t\t\t<\/div>\n\t\t\t\t<\/div>\n\t\t\t\t\t<\/div>\n\t\t<\/div>\n\t\t\t\t<div class=\"elementor-column elementor-col-100 elementor-top-column elementor-element elementor-element-e2f47eb\" data-id=\"e2f47eb\" data-element_type=\"column\" data-e-type=\"column\">\n\t\t\t<div class=\"elementor-widget-wrap elementor-element-populated\">\n\t\t\t\t\t\t<div class=\"elementor-element elementor-element-bb572c0 elementor-widget elementor-widget-spacer\" data-id=\"bb572c0\" data-element_type=\"widget\" data-e-type=\"widget\" data-widget_type=\"spacer.default\">\n\t\t\t\t<div class=\"elementor-widget-container\">\n\t\t\t\t\t\t\t<div class=\"elementor-spacer\">\n\t\t\t<div class=\"elementor-spacer-inner\"><\/div>\n\t\t<\/div>\n\t\t\t\t\t\t<\/div>\n\t\t\t\t<\/div>\n\t\t\t\t\t<\/div>\n\t\t<\/div>\n\t\t\t\t\t<\/div>\n\t\t<\/section>\n\t\t\t\t<section class=\"elementor-section elementor-top-section elementor-element elementor-element-77b32d5 elementor-section-boxed elementor-section-height-default elementor-section-height-default\" data-id=\"77b32d5\" data-element_type=\"section\" data-e-type=\"section\">\n\t\t\t\t\t\t<div class=\"elementor-container elementor-column-gap-default\">\n\t\t\t\t\t\t<\/div>\n\t\t<\/section>\n\t\t\t\t<section class=\"elementor-section elementor-top-section elementor-element elementor-element-cb2d602 elementor-section-boxed elementor-section-height-default elementor-section-height-default\" data-id=\"cb2d602\" data-element_type=\"section\" data-e-type=\"section\">\n\t\t\t\t\t\t<div class=\"elementor-container elementor-column-gap-default\">\n\t\t\t\t\t<div class=\"elementor-column elementor-col-100 elementor-top-column elementor-element elementor-element-3bc3fb4\" data-id=\"3bc3fb4\" data-element_type=\"column\" data-e-type=\"column\">\n\t\t\t<div class=\"elementor-widget-wrap elementor-element-populated\">\n\t\t\t\t\t\t<div class=\"elementor-element elementor-element-32a2bb8 elementor-widget elementor-widget-heading\" data-id=\"32a2bb8\" data-element_type=\"widget\" data-e-type=\"widget\" data-widget_type=\"heading.default\">\n\t\t\t\t<div class=\"elementor-widget-container\">\n\t\t\t\t\t<h2 class=\"elementor-heading-title elementor-size-default\">Bitte beachte folgende Punkte<\/h2>\t\t\t\t<\/div>\n\t\t\t\t<\/div>\n\t\t\t\t\t<\/div>\n\t\t<\/div>\n\t\t\t\t\t<\/div>\n\t\t<\/section>\n\t\t\t\t<section class=\"elementor-section elementor-top-section elementor-element elementor-element-a7dad72 elementor-section-boxed elementor-section-height-default elementor-section-height-default\" data-id=\"a7dad72\" data-element_type=\"section\" data-e-type=\"section\">\n\t\t\t\t\t\t<div class=\"elementor-container elementor-column-gap-default\">\n\t\t\t\t\t<div class=\"elementor-column elementor-col-100 elementor-top-column elementor-element elementor-element-7ef52c1\" data-id=\"7ef52c1\" data-element_type=\"column\" data-e-type=\"column\">\n\t\t\t<div class=\"elementor-widget-wrap elementor-element-populated\">\n\t\t\t\t\t\t<div class=\"elementor-element elementor-element-79bbe9a elementor-widget elementor-widget-toggle\" data-id=\"79bbe9a\" data-element_type=\"widget\" data-e-type=\"widget\" data-widget_type=\"toggle.default\">\n\t\t\t\t<div class=\"elementor-widget-container\">\n\t\t\t\t\t\t\t<div class=\"elementor-toggle\">\n\t\t\t\t\t\t\t<div class=\"elementor-toggle-item\">\n\t\t\t\t\t<div id=\"elementor-tab-title-1271\" class=\"elementor-tab-title\" data-tab=\"1\" role=\"button\" aria-controls=\"elementor-tab-content-1271\" aria-expanded=\"false\">\n\t\t\t\t\t\t\t\t\t\t\t\t<span class=\"elementor-toggle-icon elementor-toggle-icon-left\" aria-hidden=\"true\">\n\t\t\t\t\t\t\t\t\t\t\t\t\t\t\t<span class=\"elementor-toggle-icon-closed\"><i class=\"fas fa-exclamation-triangle\"><\/i><\/span>\n\t\t\t\t\t\t\t\t<span class=\"elementor-toggle-icon-opened\"><i class=\"elementor-toggle-icon-opened far fa-lightbulb\"><\/i><\/span>\n\t\t\t\t\t\t\t\t\t\t\t\t\t<\/span>\n\t\t\t\t\t\t\t\t\t\t\t\t<a class=\"elementor-toggle-title\" tabindex=\"0\">Stromausfall<\/a>\n\t\t\t\t\t<\/div>\n\n\t\t\t\t\t<div id=\"elementor-tab-content-1271\" class=\"elementor-tab-content elementor-clearfix\" data-tab=\"1\" role=\"region\" aria-labelledby=\"elementor-tab-title-1271\"><h3>DER STROM IST WEG, DER SCHADEN KOMMT<\/h3><p>Ein Stromausfall kann einen finanziellen Schaden verursachen. Vor allem in Produktions- aber auch Dienstleistungsbetrieben hat ein Stromausfall unangenehme folgen. Ein Arbeitsausfall hat schnell sehr hohe Kosten zur Folge. Aber bereits in Privathaushalten kann der Schaden bereits durch Verderben von Esswaren im Tiefk\u00fchler und K\u00fchlschrank betr\u00e4chtliche H\u00f6hen erreichen.<\/p><h5><em>&gt; UNSER NOTFALL ELEKTRIKER IST SICH IHRER SITUATION BEWUSST, SCHNELL ZUR STELLE UND KOMPETENT BEI EINER SCHNELLEN L\u00d6SUNGSFINDUNG.<\/em><\/h5><\/div>\n\t\t\t\t<\/div>\n\t\t\t\t\t\t\t<div class=\"elementor-toggle-item\">\n\t\t\t\t\t<div id=\"elementor-tab-title-1272\" class=\"elementor-tab-title\" data-tab=\"2\" role=\"button\" aria-controls=\"elementor-tab-content-1272\" aria-expanded=\"false\">\n\t\t\t\t\t\t\t\t\t\t\t\t<span class=\"elementor-toggle-icon elementor-toggle-icon-left\" aria-hidden=\"true\">\n\t\t\t\t\t\t\t\t\t\t\t\t\t\t\t<span class=\"elementor-toggle-icon-closed\"><i class=\"fas fa-exclamation-triangle\"><\/i><\/span>\n\t\t\t\t\t\t\t\t<span class=\"elementor-toggle-icon-opened\"><i class=\"elementor-toggle-icon-opened far fa-lightbulb\"><\/i><\/span>\n\t\t\t\t\t\t\t\t\t\t\t\t\t<\/span>\n\t\t\t\t\t\t\t\t\t\t\t\t<a class=\"elementor-toggle-title\" tabindex=\"0\">Ausfall wichtiger Elektroger\u00e4te?<\/a>\n\t\t\t\t\t<\/div>\n\n\t\t\t\t\t<div id=\"elementor-tab-content-1272\" class=\"elementor-tab-content elementor-clearfix\" data-tab=\"2\" role=\"region\" aria-labelledby=\"elementor-tab-title-1272\"><h3>SCHADEN TIEF HALTEN DURCH SCHNELLE REAKTION<\/h3><p>Fallen wichtige Elektroger\u00e4te aus, muss schnellstm\u00f6glich der Schaden repariert werden oder f\u00fcr Ersatz gesorgt werden.\u00a0<\/p><h5><em>&gt; UNSER NOTFALL ELEKTRIKER IST SCHNELL BEI IHNEN UND NIMMT, WENN M\u00d6GLICH, BEREITS AM TELEFON EINE ERSTE ANALYSE VOR.<\/em><\/h5><\/div>\n\t\t\t\t<\/div>\n\t\t\t\t\t\t\t<div class=\"elementor-toggle-item\">\n\t\t\t\t\t<div id=\"elementor-tab-title-1273\" class=\"elementor-tab-title\" data-tab=\"3\" role=\"button\" aria-controls=\"elementor-tab-content-1273\" aria-expanded=\"false\">\n\t\t\t\t\t\t\t\t\t\t\t\t<span class=\"elementor-toggle-icon elementor-toggle-icon-left\" aria-hidden=\"true\">\n\t\t\t\t\t\t\t\t\t\t\t\t\t\t\t<span class=\"elementor-toggle-icon-closed\"><i class=\"fas fa-exclamation-triangle\"><\/i><\/span>\n\t\t\t\t\t\t\t\t<span class=\"elementor-toggle-icon-opened\"><i class=\"elementor-toggle-icon-opened far fa-lightbulb\"><\/i><\/span>\n\t\t\t\t\t\t\t\t\t\t\t\t\t<\/span>\n\t\t\t\t\t\t\t\t\t\t\t\t<a class=\"elementor-toggle-title\" tabindex=\"0\">Ausfall der Telefonanlage?<\/a>\n\t\t\t\t\t<\/div>\n\n\t\t\t\t\t<div id=\"elementor-tab-content-1273\" class=\"elementor-tab-content elementor-clearfix\" data-tab=\"3\" role=\"region\" aria-labelledby=\"elementor-tab-title-1273\"><h3>SPEZIALISTEN F\u00dcR TELEFONANLAGEN UND EDV NETZWERKE<\/h3><p>Wir sind auch spezialisiert auf Telefonanlagen und Netzwerke.\u00a0Wenn eine Telefonanlage aufgrund der Elektronik nicht mehr funktioniert, ist schnelles Handeln angesagt, damit Sie wieder Erreichbar sind.<\/p><h5><em>&gt; UNSER NOTFALL ELEKTRIKER WIRD DEN SCHADEN SCHNELL ERUIEREN UND SCHNELLSTM\u00d6GLICH F\u00dcR EINE PROBLEMBEHEBUNG SORGEN.<\/em><\/h5><\/div>\n\t\t\t\t<\/div>\n\t\t\t\t\t\t\t<div class=\"elementor-toggle-item\">\n\t\t\t\t\t<div id=\"elementor-tab-title-1274\" class=\"elementor-tab-title\" data-tab=\"4\" role=\"button\" aria-controls=\"elementor-tab-content-1274\" aria-expanded=\"false\">\n\t\t\t\t\t\t\t\t\t\t\t\t<span class=\"elementor-toggle-icon elementor-toggle-icon-left\" aria-hidden=\"true\">\n\t\t\t\t\t\t\t\t\t\t\t\t\t\t\t<span class=\"elementor-toggle-icon-closed\"><i class=\"fas fa-exclamation-triangle\"><\/i><\/span>\n\t\t\t\t\t\t\t\t<span class=\"elementor-toggle-icon-opened\"><i class=\"elementor-toggle-icon-opened far fa-lightbulb\"><\/i><\/span>\n\t\t\t\t\t\t\t\t\t\t\t\t\t<\/span>\n\t\t\t\t\t\t\t\t\t\t\t\t<a class=\"elementor-toggle-title\" tabindex=\"0\">Kabelbrand<\/a>\n\t\t\t\t\t<\/div>\n\n\t\t\t\t\t<div id=\"elementor-tab-content-1274\" class=\"elementor-tab-content elementor-clearfix\" data-tab=\"4\" role=\"region\" aria-labelledby=\"elementor-tab-title-1274\"><h3>SCHLIMMERES VERHINDERN<\/h3><p>Wird \u00fcber eine zu schwache Leitung zu viel Strom geleitet, kann ein Kabelbrand entstehen. Sind z.B. zu viele Elektroger\u00e4te an einen Stromkreis angeschlossen, erhitzt sich der Kabeldraht so stark, dass sich zu gl\u00fchen beginnen kann. Die Isolation wird bereits nach kurzer Zeit Feuer fangen.<\/p><p>Ein Schwachpunkt im Stromkreis sind Kabelverbindungen in Abzweigdosen, die sich lockern k\u00f6nnen oder bei den vielen Verbindungsstellen, wie Stromkreisverteiler, Sicherungskasten und jede einzelne Steckdose.<\/p><p>Die Klemmstellen weisen mit der Zeit einen wesentlich h\u00f6heren Verschleiss als die Leitungen auf, weil Korrosion und Oxydation diesen zusetzt.<\/p><p>Ein erstes Anzeichen f\u00fcr einen drohenden Kabelbrand kann Knistern oder gar Funkenbildung bei den Steckdosen sein.<\/p><h4>SIE UND WIR M\u00dcSSEN SCHNELL REAGIEREN!<\/h4><ul><li>sofort Stecker ziehen<\/li><li>Hauptsicherung ziehen, falls nicht bereits ausgel\u00f6st<\/li><li>verschmorte Kabel entsorgen, wenn keine Gefahr droht<\/li><li>bei Kabelbrand im Unterputz droht akute Brandgefahr!<\/li><li>Schildern Sie uns den Vorfall ruhig und detailiert<\/li><\/ul><blockquote><h4>AUF KEINEN FALL KABELBRAND MIT WASSER L\u00d6SCHEN!<\/h4><h4>KABELBR\u00c4NDE D\u00dcRFEN NUR MIT PULVER- ODER CO2 L\u00d6SCHER GEL\u00d6SCHT WERDEN!<\/h4><\/blockquote><\/div>\n\t\t\t\t<\/div>\n\t\t\t\t\t\t\t<div class=\"elementor-toggle-item\">\n\t\t\t\t\t<div id=\"elementor-tab-title-1275\" class=\"elementor-tab-title\" data-tab=\"5\" role=\"button\" aria-controls=\"elementor-tab-content-1275\" aria-expanded=\"false\">\n\t\t\t\t\t\t\t\t\t\t\t\t<span class=\"elementor-toggle-icon elementor-toggle-icon-left\" aria-hidden=\"true\">\n\t\t\t\t\t\t\t\t\t\t\t\t\t\t\t<span class=\"elementor-toggle-icon-closed\"><i class=\"fas fa-exclamation-triangle\"><\/i><\/span>\n\t\t\t\t\t\t\t\t<span class=\"elementor-toggle-icon-opened\"><i class=\"elementor-toggle-icon-opened far fa-lightbulb\"><\/i><\/span>\n\t\t\t\t\t\t\t\t\t\t\t\t\t<\/span>\n\t\t\t\t\t\t\t\t\t\t\t\t<a class=\"elementor-toggle-title\" tabindex=\"0\">Einsatzebiete<\/a>\n\t\t\t\t\t<\/div>\n\n\t\t\t\t\t<div id=\"elementor-tab-content-1275\" class=\"elementor-tab-content elementor-clearfix\" data-tab=\"5\" role=\"region\" aria-labelledby=\"elementor-tab-title-1275\"><h4>Z\u00dcRICH, SCHWYZ, ZUG, AARGAU, ST.GALLEN<\/h4><p>Mit unseren Partner decken wir mit unseren Notfall Elektriker ein grosses Gebiet ab. In folgenden Kantonen k\u00f6nnen wir innert kurzer Zeit vor Ort sein:<\/p><ul><li>Z\u00fcrich<\/li><li>Schwyz<\/li><li>Aargau<\/li><li>Zug<\/li><li>Luzern<\/li><li>St.Gallen<\/li><\/ul><h5><em>&gt; CITY ELECTRO GMBH <\/em><br \/><em>DER ELEKTRIKER AUS Z\u00dcRICH KENNT KEINE GRENZEN.<\/em><\/h5><\/div>\n\t\t\t\t<\/div>\n\t\t\t\t\t\t\t\t<\/div>\n\t\t\t\t\t\t<\/div>\n\t\t\t\t<\/div>\n\t\t\t\t\t<\/div>\n\t\t<\/div>\n\t\t\t\t\t<\/div>\n\t\t<\/section>\n\t\t\t\t<section class=\"elementor-section elementor-top-section elementor-element elementor-element-ad5f3f4 elementor-section-boxed elementor-section-height-default elementor-section-height-default\" data-id=\"ad5f3f4\" data-element_type=\"section\" data-e-type=\"section\">\n\t\t\t\t\t\t<div class=\"elementor-container elementor-column-gap-default\">\n\t\t\t\t\t<div class=\"elementor-column elementor-col-100 elementor-top-column elementor-element elementor-element-3838e31\" data-id=\"3838e31\" data-element_type=\"column\" data-e-type=\"column\">\n\t\t\t<div class=\"elementor-widget-wrap elementor-element-populated\">\n\t\t\t\t\t\t<div class=\"elementor-element elementor-element-9d8babd elementor-widget elementor-widget-spacer\" data-id=\"9d8babd\" data-element_type=\"widget\" data-e-type=\"widget\" data-widget_type=\"spacer.default\">\n\t\t\t\t<div class=\"elementor-widget-container\">\n\t\t\t\t\t\t\t<div class=\"elementor-spacer\">\n\t\t\t<div class=\"elementor-spacer-inner\"><\/div>\n\t\t<\/div>\n\t\t\t\t\t\t<\/div>\n\t\t\t\t<\/div>\n\t\t\t\t<div class=\"elementor-element elementor-element-0440ad2 elementor-widget elementor-widget-heading\" data-id=\"0440ad2\" data-element_type=\"widget\" data-e-type=\"widget\" data-widget_type=\"heading.default\">\n\t\t\t\t<div class=\"elementor-widget-container\">\n\t\t\t\t\t<h2 class=\"elementor-heading-title elementor-size-default\">WIR LASSEN SIE NICHT IM DUNKELN SITZEN!\n<\/h2>\t\t\t\t<\/div>\n\t\t\t\t<\/div>\n\t\t\t\t\t<\/div>\n\t\t<\/div>\n\t\t\t\t\t<\/div>\n\t\t<\/section>\n\t\t\t\t<section class=\"elementor-section elementor-top-section elementor-element elementor-element-c0a1142 elementor-section-boxed elementor-section-height-default elementor-section-height-default\" data-id=\"c0a1142\" data-element_type=\"section\" data-e-type=\"section\">\n\t\t\t\t\t\t<div class=\"elementor-container elementor-column-gap-default\">\n\t\t\t\t\t<div class=\"elementor-column elementor-col-100 elementor-top-column elementor-element elementor-element-b59a191\" data-id=\"b59a191\" data-element_type=\"column\" data-e-type=\"column\">\n\t\t\t<div class=\"elementor-widget-wrap elementor-element-populated\">\n\t\t\t\t\t\t<div class=\"elementor-element elementor-element-f0c60a4 elementor-widget elementor-widget-spacer\" data-id=\"f0c60a4\" data-element_type=\"widget\" data-e-type=\"widget\" data-widget_type=\"spacer.default\">\n\t\t\t\t<div class=\"elementor-widget-container\">\n\t\t\t\t\t\t\t<div class=\"elementor-spacer\">\n\t\t\t<div class=\"elementor-spacer-inner\"><\/div>\n\t\t<\/div>\n\t\t\t\t\t\t<\/div>\n\t\t\t\t<\/div>\n\t\t\t\t\t<\/div>\n\t\t<\/div>\n\t\t\t\t\t<\/div>\n\t\t<\/section>\n\t\t\t\t<\/div>\n\t\t","protected":false},"excerpt":{"rendered":"<p>Notf\u00e4lle kennen keine \u00d6ffnungszeiten! Ein Elektro Notfall kommt immer zur falschen Zeit. Wir sind schnell zur Stelle \u00a0 Unsere Elektriker sind im Notfall\u00a0t\u00e4glich 24 Stunden f\u00fcr Sie erreichbar. Um welches Elektro Problem es sich auch immer handelt, wir stehen mit Kompetenz und Einsatz bereit.\u00a0 Wir werden Ihnen sofort Ratschl\u00e4ge f\u00fcr eine allf\u00e4llige Schadensminderung geben und [&hellip;]<\/p>\n","protected":false},"author":1,"featured_media":0,"parent":0,"menu_order":0,"comment_status":"closed","ping_status":"closed","template":"elementor_header_footer","meta":{"footnotes":""},"class_list":["post-46","page","type-page","status-publish","hentry"],"_links":{"self":[{"href":"https:\/\/cityelectro.ch\/index.php\/wp-json\/wp\/v2\/pages\/46","targetHints":{"allow":["GET"]}}],"collection":[{"href":"https:\/\/cityelectro.ch\/index.php\/wp-json\/wp\/v2\/pages"}],"about":[{"href":"https:\/\/cityelectro.ch\/index.php\/wp-json\/wp\/v2\/types\/page"}],"author":[{"embeddable":true,"href":"https:\/\/cityelectro.ch\/index.php\/wp-json\/wp\/v2\/users\/1"}],"replies":[{"embeddable":true,"href":"https:\/\/cityelectro.ch\/index.php\/wp-json\/wp\/v2\/comments?post=46"}],"version-history":[{"count":32,"href":"https:\/\/cityelectro.ch\/index.php\/wp-json\/wp\/v2\/pages\/46\/revisions"}],"predecessor-version":[{"id":415,"href":"https:\/\/cityelectro.ch\/index.php\/wp-json\/wp\/v2\/pages\/46\/revisions\/415"}],"wp:attachment":[{"href":"https:\/\/cityelectro.ch\/index.php\/wp-json\/wp\/v2\/media?parent=46"}],"curies":[{"name":"wp","href":"https:\/\/api.w.org\/{rel}","templated":true}]}}