{"id":45,"date":"2019-05-10T20:20:55","date_gmt":"2019-05-10T20:20:55","guid":{"rendered":"http:\/\/cityelectro.ch\/?page_id=45"},"modified":"2020-04-13T16:41:16","modified_gmt":"2020-04-13T16:41:16","slug":"telematik","status":"publish","type":"page","link":"https:\/\/cityelectro.ch\/index.php\/telematik\/","title":{"rendered":"Telematik"},"content":{"rendered":"\t\t<div data-elementor-type=\"wp-post\" data-elementor-id=\"45\" class=\"elementor elementor-45\">\n\t\t\t\t\t\t<section class=\"elementor-section elementor-top-section elementor-element elementor-element-f358144 elementor-section-boxed elementor-section-height-default elementor-section-height-default\" data-id=\"f358144\" data-element_type=\"section\" data-e-type=\"section\">\n\t\t\t\t\t\t<div class=\"elementor-container elementor-column-gap-default\">\n\t\t\t\t\t<div class=\"elementor-column elementor-col-100 elementor-top-column elementor-element elementor-element-310c381\" data-id=\"310c381\" data-element_type=\"column\" data-e-type=\"column\">\n\t\t\t<div class=\"elementor-widget-wrap elementor-element-populated\">\n\t\t\t\t\t\t<div class=\"elementor-element elementor-element-9bc8270 elementor-widget elementor-widget-spacer\" data-id=\"9bc8270\" data-element_type=\"widget\" data-e-type=\"widget\" data-widget_type=\"spacer.default\">\n\t\t\t\t<div class=\"elementor-widget-container\">\n\t\t\t\t\t\t\t<div class=\"elementor-spacer\">\n\t\t\t<div class=\"elementor-spacer-inner\"><\/div>\n\t\t<\/div>\n\t\t\t\t\t\t<\/div>\n\t\t\t\t<\/div>\n\t\t\t\t\t<\/div>\n\t\t<\/div>\n\t\t\t\t\t<\/div>\n\t\t<\/section>\n\t\t\t\t<section class=\"elementor-section elementor-top-section elementor-element elementor-element-66b619f elementor-section-boxed elementor-section-height-default elementor-section-height-default\" data-id=\"66b619f\" data-element_type=\"section\" data-e-type=\"section\">\n\t\t\t\t\t\t<div class=\"elementor-container elementor-column-gap-default\">\n\t\t\t\t\t<div class=\"elementor-column elementor-col-50 elementor-top-column elementor-element elementor-element-f969d98\" data-id=\"f969d98\" data-element_type=\"column\" data-e-type=\"column\">\n\t\t\t<div class=\"elementor-widget-wrap elementor-element-populated\">\n\t\t\t\t\t\t<div class=\"elementor-element elementor-element-000a591 elementor-view-default elementor-widget elementor-widget-icon\" data-id=\"000a591\" data-element_type=\"widget\" data-e-type=\"widget\" data-widget_type=\"icon.default\">\n\t\t\t\t<div class=\"elementor-widget-container\">\n\t\t\t\t\t\t\t<div class=\"elementor-icon-wrapper\">\n\t\t\t<div class=\"elementor-icon\">\n\t\t\t\t\t\t\t<i class=\"fa fa-phone\" aria-hidden=\"true\"><\/i>\n\t\t\t\t\t\t<\/div>\n\t\t<\/div>\n\t\t\t\t\t\t<\/div>\n\t\t\t\t<\/div>\n\t\t\t\t\t<\/div>\n\t\t<\/div>\n\t\t\t\t<div class=\"elementor-column elementor-col-50 elementor-top-column elementor-element elementor-element-3307eb2\" data-id=\"3307eb2\" data-element_type=\"column\" data-e-type=\"column\">\n\t\t\t<div class=\"elementor-widget-wrap elementor-element-populated\">\n\t\t\t\t\t\t<div class=\"elementor-element elementor-element-ce0cdb2 elementor-widget elementor-widget-heading\" data-id=\"ce0cdb2\" data-element_type=\"widget\" data-e-type=\"widget\" data-widget_type=\"heading.default\">\n\t\t\t\t<div class=\"elementor-widget-container\">\n\t\t\t\t\t<h2 class=\"elementor-heading-title elementor-size-default\">Intstallation von Telefonanlagen und Telefonanschluss<\/h2>\t\t\t\t<\/div>\n\t\t\t\t<\/div>\n\t\t\t\t\t<\/div>\n\t\t<\/div>\n\t\t\t\t\t<\/div>\n\t\t<\/section>\n\t\t\t\t<section class=\"elementor-section elementor-top-section elementor-element elementor-element-9688019 elementor-section-boxed elementor-section-height-default elementor-section-height-default\" data-id=\"9688019\" data-element_type=\"section\" data-e-type=\"section\">\n\t\t\t\t\t\t<div class=\"elementor-container elementor-column-gap-default\">\n\t\t\t\t\t<div class=\"elementor-column elementor-col-100 elementor-top-column elementor-element elementor-element-1588201\" data-id=\"1588201\" data-element_type=\"column\" data-e-type=\"column\">\n\t\t\t<div class=\"elementor-widget-wrap elementor-element-populated\">\n\t\t\t\t\t\t<div class=\"elementor-element elementor-element-cfbaed6 elementor-widget elementor-widget-spacer\" data-id=\"cfbaed6\" data-element_type=\"widget\" data-e-type=\"widget\" data-widget_type=\"spacer.default\">\n\t\t\t\t<div class=\"elementor-widget-container\">\n\t\t\t\t\t\t\t<div class=\"elementor-spacer\">\n\t\t\t<div class=\"elementor-spacer-inner\"><\/div>\n\t\t<\/div>\n\t\t\t\t\t\t<\/div>\n\t\t\t\t<\/div>\n\t\t\t\t\t<\/div>\n\t\t<\/div>\n\t\t\t\t\t<\/div>\n\t\t<\/section>\n\t\t\t\t<section class=\"elementor-section elementor-top-section elementor-element elementor-element-16a0e18 elementor-section-boxed elementor-section-height-default elementor-section-height-default\" data-id=\"16a0e18\" data-element_type=\"section\" data-e-type=\"section\">\n\t\t\t\t\t\t<div class=\"elementor-container elementor-column-gap-default\">\n\t\t\t\t\t\t<\/div>\n\t\t<\/section>\n\t\t\t\t<section class=\"elementor-section elementor-top-section elementor-element elementor-element-79d502f elementor-section-boxed elementor-section-height-default elementor-section-height-default\" data-id=\"79d502f\" data-element_type=\"section\" data-e-type=\"section\">\n\t\t\t\t\t\t<div class=\"elementor-container elementor-column-gap-default\">\n\t\t\t\t\t<div class=\"elementor-column elementor-col-50 elementor-top-column elementor-element elementor-element-298ee0c\" data-id=\"298ee0c\" data-element_type=\"column\" data-e-type=\"column\">\n\t\t\t<div class=\"elementor-widget-wrap elementor-element-populated\">\n\t\t\t\t\t\t<div class=\"elementor-element elementor-element-011695d elementor-widget elementor-widget-text-editor\" data-id=\"011695d\" data-element_type=\"widget\" data-e-type=\"widget\" data-widget_type=\"text-editor.default\">\n\t\t\t\t<div class=\"elementor-widget-container\">\n\t\t\t\t\t\t\t\t\t<p><em>Wir zeigen Ihnen die modernsten M\u00f6glichkeiten f\u00fcr Privat oder im Gesch\u00e4ftsbereich<\/em><\/p>\t\t\t\t\t\t\t\t<\/div>\n\t\t\t\t<\/div>\n\t\t\t\t<div class=\"elementor-element elementor-element-029d161 elementor-widget elementor-widget-text-editor\" data-id=\"029d161\" data-element_type=\"widget\" data-e-type=\"widget\" data-widget_type=\"text-editor.default\">\n\t\t\t\t<div class=\"elementor-widget-container\">\n\t\t\t\t\t\t\t\t\t<div class=\"wpb_text_column \"><p>Im gesch\u00e4ftlichen als auch im privaten Bereich ist ein funktionierendes Telekommunikationssystem nicht mehr wegzudenken. Wir sind Ihr professioneller Ansprechpartner, wenn es um die Inbetriebnahme von Anschl\u00fcssen, Installationen von Telefonleitungen, Internet Telefonie (VOIP) oder die Betreuung von Telefonanlagen geht.<\/p><p>Gem\u00e4ss Ihren Bed\u00fcrfnissen und W\u00fcnschen planen und realisieren wir eine massgeschneiderte Telekommunikationsl\u00f6sung. Sei es ein kleines Einzelsystem oder eine komplexe Telefonanlage mit verschiedenen Endger\u00e4ten.<\/p><\/div>\t\t\t\t\t\t\t\t<\/div>\n\t\t\t\t<\/div>\n\t\t\t\t\t<\/div>\n\t\t<\/div>\n\t\t\t\t<div class=\"elementor-column elementor-col-50 elementor-top-column elementor-element elementor-element-1468b66\" data-id=\"1468b66\" data-element_type=\"column\" data-e-type=\"column\">\n\t\t\t<div class=\"elementor-widget-wrap elementor-element-populated\">\n\t\t\t\t\t\t<div class=\"elementor-element elementor-element-4ed63cd elementor-widget elementor-widget-image\" data-id=\"4ed63cd\" data-element_type=\"widget\" data-e-type=\"widget\" data-widget_type=\"image.default\">\n\t\t\t\t<div class=\"elementor-widget-container\">\n\t\t\t\t\t\t\t\t\t\t\t\t\t\t\t<img fetchpriority=\"high\" decoding=\"async\" width=\"1024\" height=\"683\" src=\"https:\/\/cityelectro.ch\/wp-content\/uploads\/2020\/04\/woman-3083379_1920-1024x683.jpg\" class=\"attachment-large size-large wp-image-433\" alt=\"\" srcset=\"https:\/\/cityelectro.ch\/wp-content\/uploads\/2020\/04\/woman-3083379_1920-1024x683.jpg 1024w, https:\/\/cityelectro.ch\/wp-content\/uploads\/2020\/04\/woman-3083379_1920-300x200.jpg 300w, https:\/\/cityelectro.ch\/wp-content\/uploads\/2020\/04\/woman-3083379_1920-768x512.jpg 768w, https:\/\/cityelectro.ch\/wp-content\/uploads\/2020\/04\/woman-3083379_1920.jpg 1920w\" sizes=\"(max-width: 1024px) 100vw, 1024px\" \/>\t\t\t\t\t\t\t\t\t\t\t\t\t\t\t<\/div>\n\t\t\t\t<\/div>\n\t\t\t\t\t<\/div>\n\t\t<\/div>\n\t\t\t\t\t<\/div>\n\t\t<\/section>\n\t\t\t\t<section class=\"elementor-section elementor-top-section elementor-element elementor-element-2cffc3b elementor-section-boxed elementor-section-height-default elementor-section-height-default\" data-id=\"2cffc3b\" data-element_type=\"section\" data-e-type=\"section\">\n\t\t\t\t\t\t<div class=\"elementor-container elementor-column-gap-default\">\n\t\t\t\t\t<div class=\"elementor-column elementor-col-100 elementor-top-column elementor-element elementor-element-6e7a51b\" data-id=\"6e7a51b\" data-element_type=\"column\" data-e-type=\"column\">\n\t\t\t<div class=\"elementor-widget-wrap elementor-element-populated\">\n\t\t\t\t\t\t<div class=\"elementor-element elementor-element-2c2286d elementor-widget elementor-widget-toggle\" data-id=\"2c2286d\" data-element_type=\"widget\" data-e-type=\"widget\" data-widget_type=\"toggle.default\">\n\t\t\t\t<div class=\"elementor-widget-container\">\n\t\t\t\t\t\t\t<div class=\"elementor-toggle\">\n\t\t\t\t\t\t\t<div class=\"elementor-toggle-item\">\n\t\t\t\t\t<div id=\"elementor-tab-title-4621\" class=\"elementor-tab-title\" data-tab=\"1\" role=\"button\" aria-controls=\"elementor-tab-content-4621\" aria-expanded=\"false\">\n\t\t\t\t\t\t\t\t\t\t\t\t<span class=\"elementor-toggle-icon elementor-toggle-icon-left\" aria-hidden=\"true\">\n\t\t\t\t\t\t\t\t\t\t\t\t\t\t\t<span class=\"elementor-toggle-icon-closed\"><i class=\"fas fa-phone\"><\/i><\/span>\n\t\t\t\t\t\t\t\t<span class=\"elementor-toggle-icon-opened\"><i class=\"elementor-toggle-icon-opened far fa-lightbulb\"><\/i><\/span>\n\t\t\t\t\t\t\t\t\t\t\t\t\t<\/span>\n\t\t\t\t\t\t\t\t\t\t\t\t<a class=\"elementor-toggle-title\" tabindex=\"0\">Beratung und Planung<\/a>\n\t\t\t\t\t<\/div>\n\n\t\t\t\t\t<div id=\"elementor-tab-content-4621\" class=\"elementor-tab-content elementor-clearfix\" data-tab=\"1\" role=\"region\" aria-labelledby=\"elementor-tab-title-4621\"><div><div><h4>KOMPETENT IM INTERESSE UNSERER KUNDEN<\/h4><p>Wir sind Ihr professionelle Ansprechpartner, wenn Sie eine neue Telefonanlage ben\u00f6tigen oder Ihr bestehendes System ausbauen m\u00f6chten. Wir k\u00fcmmern uns neben der Verkabelung, Installation und Konfiguration auch um eine fachm\u00e4nnische und vertrauensvolle Fachberatung.<\/p><p>\u00a0<\/p><\/div><div>\u00a0<\/div><\/div><div><img decoding=\"async\" class=\"crazy_lazy size-full wp-image-479 alignleft\" title=\"Wir beraten Sie kompetent und in Ihrem Interesse\" src=\"http:\/\/www.vataelektro.ch\/wp-content\/uploads\/2014\/04\/Beratung-telematik.jpg\" sizes=\"(max-width: 702px) 100vw, 702px\" srcset=\"http:\/\/www.vataelektro.ch\/wp-content\/uploads\/2014\/04\/Beratung-telematik.jpg 702w, http:\/\/www.vataelektro.ch\/wp-content\/uploads\/2014\/04\/Beratung-telematik-300x64.jpg 300w\" alt=\"Beratung-telematik\" width=\"702\" height=\"150\" data-src=\"http:\/\/www.vataelektro.ch\/wp-content\/uploads\/2014\/04\/Beratung-telematik.jpg\" \/><\/div><\/div>\n\t\t\t\t<\/div>\n\t\t\t\t\t\t\t<div class=\"elementor-toggle-item\">\n\t\t\t\t\t<div id=\"elementor-tab-title-4622\" class=\"elementor-tab-title\" data-tab=\"2\" role=\"button\" aria-controls=\"elementor-tab-content-4622\" aria-expanded=\"false\">\n\t\t\t\t\t\t\t\t\t\t\t\t<span class=\"elementor-toggle-icon elementor-toggle-icon-left\" aria-hidden=\"true\">\n\t\t\t\t\t\t\t\t\t\t\t\t\t\t\t<span class=\"elementor-toggle-icon-closed\"><i class=\"fas fa-phone\"><\/i><\/span>\n\t\t\t\t\t\t\t\t<span class=\"elementor-toggle-icon-opened\"><i class=\"elementor-toggle-icon-opened far fa-lightbulb\"><\/i><\/span>\n\t\t\t\t\t\t\t\t\t\t\t\t\t<\/span>\n\t\t\t\t\t\t\t\t\t\t\t\t<a class=\"elementor-toggle-title\" tabindex=\"0\">Telefonanlagen<\/a>\n\t\t\t\t\t<\/div>\n\n\t\t\t\t\t<div id=\"elementor-tab-content-4622\" class=\"elementor-tab-content elementor-clearfix\" data-tab=\"2\" role=\"region\" aria-labelledby=\"elementor-tab-title-4622\"><h4>TELEFONANLAGEN F\u00dcR UNTERNEHMEN<\/h4><p>Eine Telefonanlage oder TK-Anlage bildet die Schnittstelle zwischen dem internen Kommunikationsnetz und des \u00f6ffentlichen Telefonnetzes.\u00a0Neben Telefonendger\u00e4ten k\u00f6nnen auch Faxger\u00e4te, Anrufbeantworter Netzwerkdrucker, Multimediager\u00e4te und PC\u2018s an eine Telefonanlage angeschlossen werden.<\/p><p>Eine solche Installation bietet viele Vorteile, wie kostenloses internes Telefonieren, die M\u00f6glichkeit von Konferenzschaltungen, Gespr\u00e4chsaufzeichnungen, Um- und Weiterleitungen, individuelle und Globale Ansagen, etc.<\/p><h5>WIR UNTERST\u00dcTZEN SIE BEREITS BEI DER PLANUNG UND EVALUATION<\/h5><p>Bevor eine Telefonanlage angeschafft wird, muss genau analysiert werden welche Bed\u00fcrfnisse vorhanden sind und wie eine Telefonanlage an die bestehende Infrastruktur angepasst werden soll.<\/p><p><strong>Folgende Punkte gilt es zuvor zu ber\u00fccksichtigen.<\/strong><\/p><blockquote><p><strong>W<\/strong>ie viele Endger\u00e4te werden angeschlossen<br \/><strong>W<\/strong>erden mehrere Standorte eingeschlossen<br \/><strong>W<\/strong>elche Anschl\u00fcsse werden ben\u00f6tigt<br \/><strong>W<\/strong>elche Technologie soll genutzt werden<br \/><strong>W<\/strong>ird haupts\u00e4chlich intern oder extern kommuniziert<br \/><strong>W<\/strong>ie viele Leitungen ans Telefonnetz werden ben\u00f6tigt<br \/><strong>W<\/strong>erden Spezialfunktionen ben\u00f6tigt<br \/><strong>I<\/strong>nwiefern muss die Telefonanlage erweiterbar sein<\/p><\/blockquote><p><img decoding=\"async\" class=\"crazy_lazy size-full wp-image-490 alignleft\" title=\"Individuelle L\u00f6sungen f\u00fcr alle Unternehmensgr\u00f6ssen\" src=\"http:\/\/www.vataelektro.ch\/wp-content\/uploads\/2014\/04\/Telefonanlagen.jpg\" sizes=\"(max-width: 702px) 100vw, 702px\" srcset=\"http:\/\/www.vataelektro.ch\/wp-content\/uploads\/2014\/04\/Telefonanlagen.jpg 702w, http:\/\/www.vataelektro.ch\/wp-content\/uploads\/2014\/04\/Telefonanlagen-300x64.jpg 300w\" alt=\"Telefonanlagen\" width=\"702\" height=\"150\" data-src=\"http:\/\/www.vataelektro.ch\/wp-content\/uploads\/2014\/04\/Telefonanlagen.jpg\" \/><\/p><\/div>\n\t\t\t\t<\/div>\n\t\t\t\t\t\t\t<div class=\"elementor-toggle-item\">\n\t\t\t\t\t<div id=\"elementor-tab-title-4623\" class=\"elementor-tab-title\" data-tab=\"3\" role=\"button\" aria-controls=\"elementor-tab-content-4623\" aria-expanded=\"false\">\n\t\t\t\t\t\t\t\t\t\t\t\t<span class=\"elementor-toggle-icon elementor-toggle-icon-left\" aria-hidden=\"true\">\n\t\t\t\t\t\t\t\t\t\t\t\t\t\t\t<span class=\"elementor-toggle-icon-closed\"><i class=\"fas fa-phone\"><\/i><\/span>\n\t\t\t\t\t\t\t\t<span class=\"elementor-toggle-icon-opened\"><i class=\"elementor-toggle-icon-opened far fa-lightbulb\"><\/i><\/span>\n\t\t\t\t\t\t\t\t\t\t\t\t\t<\/span>\n\t\t\t\t\t\t\t\t\t\t\t\t<a class=\"elementor-toggle-title\" tabindex=\"0\">Telefon Verkabelungen<\/a>\n\t\t\t\t\t<\/div>\n\n\t\t\t\t\t<div id=\"elementor-tab-content-4623\" class=\"elementor-tab-content elementor-clearfix\" data-tab=\"3\" role=\"region\" aria-labelledby=\"elementor-tab-title-4623\"><p>Wir erstellen auch alle Arten von Telefonverkabelungen f\u00fcr Sie:<\/p><blockquote><p><strong>E<\/strong>rstellen von Verbindungen zur Kabelkopfstation<br \/><strong>F<\/strong>ehlersuche und St\u00f6rungsbehebung im System<br \/><strong>O<\/strong>ptimieren bestehender Verkabelungen<br \/><strong>V<\/strong>erkabelungen f\u00fcr Telefonanlagen<\/p><\/blockquote><p><img loading=\"lazy\" decoding=\"async\" class=\"crazy_lazy size-full wp-image-476 alignleft\" title=\"Wir m\u00f6gen keinen Kabelsalat\" src=\"http:\/\/www.vataelektro.ch\/wp-content\/uploads\/2014\/04\/Telefon-Verkabelung.jpg\" sizes=\"(max-width: 702px) 100vw, 702px\" srcset=\"http:\/\/www.vataelektro.ch\/wp-content\/uploads\/2014\/04\/Telefon-Verkabelung.jpg 702w, http:\/\/www.vataelektro.ch\/wp-content\/uploads\/2014\/04\/Telefon-Verkabelung-300x64.jpg 300w\" alt=\"Telefon Verkabelung\" width=\"702\" height=\"150\" data-src=\"http:\/\/www.vataelektro.ch\/wp-content\/uploads\/2014\/04\/Telefon-Verkabelung.jpg\" \/><\/p><\/div>\n\t\t\t\t<\/div>\n\t\t\t\t\t\t\t<div class=\"elementor-toggle-item\">\n\t\t\t\t\t<div id=\"elementor-tab-title-4624\" class=\"elementor-tab-title\" data-tab=\"4\" role=\"button\" aria-controls=\"elementor-tab-content-4624\" aria-expanded=\"false\">\n\t\t\t\t\t\t\t\t\t\t\t\t<span class=\"elementor-toggle-icon elementor-toggle-icon-left\" aria-hidden=\"true\">\n\t\t\t\t\t\t\t\t\t\t\t\t\t\t\t<span class=\"elementor-toggle-icon-closed\"><i class=\"fas fa-phone\"><\/i><\/span>\n\t\t\t\t\t\t\t\t<span class=\"elementor-toggle-icon-opened\"><i class=\"elementor-toggle-icon-opened far fa-lightbulb\"><\/i><\/span>\n\t\t\t\t\t\t\t\t\t\t\t\t\t<\/span>\n\t\t\t\t\t\t\t\t\t\t\t\t<a class=\"elementor-toggle-title\" tabindex=\"0\">Universelle Kommunikationsverkabelung (UKV)<\/a>\n\t\t\t\t\t<\/div>\n\n\t\t\t\t\t<div id=\"elementor-tab-content-4624\" class=\"elementor-tab-content elementor-clearfix\" data-tab=\"4\" role=\"region\" aria-labelledby=\"elementor-tab-title-4624\"><h4>UKV VERKABELUNG \u2013 EIN WICHTIGES INSTRUMENT DER GEB\u00c4UDEVERKABELUNG<\/h4><p>Die UKV Verkabelung transportiert Sprach- und Datensignale innerhalb eines Geb\u00e4udes. Sie kann als Hauptschlagader der Kommunikation eines modernen Unternehmens bezeichnet werden.<\/p><p>Mit entsprechenden Zusatzkomponenten werden LAN- oder Telefoninfrastrukturen erstellt.<\/p><blockquote><p>Als Spezialisten auf diesem Gebiet erarbeiten wir gerne eine auf<br \/>Ihre Bed\u00fcrfnisse abgestimmte L\u00f6sung.<\/p><\/blockquote><p><img loading=\"lazy\" decoding=\"async\" class=\"crazy_lazy size-full wp-image-472 alignleft\" title=\"UKV Verkabelung - Das Herz einer Firma\" src=\"http:\/\/www.vataelektro.ch\/wp-content\/uploads\/2014\/04\/UKV-Verkabelungen.jpg\" sizes=\"(max-width: 702px) 100vw, 702px\" srcset=\"http:\/\/www.vataelektro.ch\/wp-content\/uploads\/2014\/04\/UKV-Verkabelungen.jpg 702w, http:\/\/www.vataelektro.ch\/wp-content\/uploads\/2014\/04\/UKV-Verkabelungen-300x64.jpg 300w\" alt=\"UKV Verkabelung\" width=\"702\" height=\"150\" data-src=\"http:\/\/www.vataelektro.ch\/wp-content\/uploads\/2014\/04\/UKV-Verkabelungen.jpg\" \/><\/p><\/div>\n\t\t\t\t<\/div>\n\t\t\t\t\t\t\t<div class=\"elementor-toggle-item\">\n\t\t\t\t\t<div id=\"elementor-tab-title-4625\" class=\"elementor-tab-title\" data-tab=\"5\" role=\"button\" aria-controls=\"elementor-tab-content-4625\" aria-expanded=\"false\">\n\t\t\t\t\t\t\t\t\t\t\t\t<span class=\"elementor-toggle-icon elementor-toggle-icon-left\" aria-hidden=\"true\">\n\t\t\t\t\t\t\t\t\t\t\t\t\t\t\t<span class=\"elementor-toggle-icon-closed\"><i class=\"fas fa-phone\"><\/i><\/span>\n\t\t\t\t\t\t\t\t<span class=\"elementor-toggle-icon-opened\"><i class=\"elementor-toggle-icon-opened far fa-lightbulb\"><\/i><\/span>\n\t\t\t\t\t\t\t\t\t\t\t\t\t<\/span>\n\t\t\t\t\t\t\t\t\t\t\t\t<a class=\"elementor-toggle-title\" tabindex=\"0\">Service Telekommunikation<\/a>\n\t\t\t\t\t<\/div>\n\n\t\t\t\t\t<div id=\"elementor-tab-content-4625\" class=\"elementor-tab-content elementor-clearfix\" data-tab=\"5\" role=\"region\" aria-labelledby=\"elementor-tab-title-4625\"><h4>WIR HALTEN SIE AUF DRAHT<\/h4><p>Unsere St\u00e4rke ist nicht nur die Installationen und die Verkabelung von Anschl\u00fcssen. Wir beraten auch Private und Unternehmen und helfen unter den verschiedenen Technologien und Angeboten die optimale L\u00f6sung f\u00fcr Ihre Bed\u00fcrfnisse zu finden. Auch danach d\u00fcrfen Sie auf unseren zuverl\u00e4ssigen Service z\u00e4hlen.<\/p><h5>WIR K\u00dcMMERN UNS KOMPETENT UND ZUVERL\u00c4SSIG UM:<\/h5><blockquote><p><strong>A<\/strong>naloges Aufschalten von Amtsleitungen<br \/><strong>A<\/strong>DSL Installationen<br \/><strong>D<\/strong>igital TV aller Anbieter und die beste Bildqualit\u00e4t<br \/><strong>E<\/strong>rweiterung bestehender Anlagen<strong><br \/>I<\/strong>SDN Installationen und Anpassungen<br \/><strong>I<\/strong>nternet Telefonie (VoIP)<br \/><strong>L<\/strong>eitungen verlegen<br \/><strong>S<\/strong>ervice und Reparaturen<br \/><strong>T<\/strong>elefondosen versetzen oder erweitern<br \/><strong>V<\/strong>oIP Telefonie (Internet Telefonie)<\/p><\/blockquote><p><img loading=\"lazy\" decoding=\"async\" class=\"crazy_lazy size-full wp-image-474 alignleft\" title=\"Verlassen Sie sich auf unseren Service\" src=\"http:\/\/www.vataelektro.ch\/wp-content\/uploads\/2014\/04\/telekommunikation.jpg\" sizes=\"(max-width: 700px) 100vw, 700px\" srcset=\"http:\/\/www.vataelektro.ch\/wp-content\/uploads\/2014\/04\/telekommunikation.jpg 700w, http:\/\/www.vataelektro.ch\/wp-content\/uploads\/2014\/04\/telekommunikation-300x64.jpg 300w\" alt=\"telekommunikation\" width=\"700\" height=\"150\" data-src=\"http:\/\/www.vataelektro.ch\/wp-content\/uploads\/2014\/04\/telekommunikation.jpg\" \/><\/p><\/div>\n\t\t\t\t<\/div>\n\t\t\t\t\t\t\t\t<\/div>\n\t\t\t\t\t\t<\/div>\n\t\t\t\t<\/div>\n\t\t\t\t\t<\/div>\n\t\t<\/div>\n\t\t\t\t\t<\/div>\n\t\t<\/section>\n\t\t\t\t<section class=\"elementor-section elementor-top-section elementor-element elementor-element-7a0364d elementor-section-boxed elementor-section-height-default elementor-section-height-default\" data-id=\"7a0364d\" data-element_type=\"section\" data-e-type=\"section\">\n\t\t\t\t\t\t<div class=\"elementor-container elementor-column-gap-default\">\n\t\t\t\t\t<div class=\"elementor-column elementor-col-100 elementor-top-column elementor-element elementor-element-273f071\" data-id=\"273f071\" data-element_type=\"column\" data-e-type=\"column\">\n\t\t\t<div class=\"elementor-widget-wrap elementor-element-populated\">\n\t\t\t\t\t\t<div class=\"elementor-element elementor-element-e0394f7 elementor-widget elementor-widget-spacer\" data-id=\"e0394f7\" data-element_type=\"widget\" data-e-type=\"widget\" data-widget_type=\"spacer.default\">\n\t\t\t\t<div class=\"elementor-widget-container\">\n\t\t\t\t\t\t\t<div class=\"elementor-spacer\">\n\t\t\t<div class=\"elementor-spacer-inner\"><\/div>\n\t\t<\/div>\n\t\t\t\t\t\t<\/div>\n\t\t\t\t<\/div>\n\t\t\t\t\t<\/div>\n\t\t<\/div>\n\t\t\t\t\t<\/div>\n\t\t<\/section>\n\t\t\t\t<\/div>\n\t\t","protected":false},"excerpt":{"rendered":"<p>Intstallation von Telefonanlagen und Telefonanschluss Wir zeigen Ihnen die modernsten M\u00f6glichkeiten f\u00fcr Privat oder im Gesch\u00e4ftsbereich Im gesch\u00e4ftlichen als auch im privaten Bereich ist ein funktionierendes Telekommunikationssystem nicht mehr wegzudenken. Wir sind Ihr professioneller Ansprechpartner, wenn es um die Inbetriebnahme von Anschl\u00fcssen, Installationen von Telefonleitungen, Internet Telefonie (VOIP) oder die Betreuung von Telefonanlagen geht. Gem\u00e4ss [&hellip;]<\/p>\n","protected":false},"author":1,"featured_media":0,"parent":0,"menu_order":0,"comment_status":"closed","ping_status":"closed","template":"elementor_header_footer","meta":{"footnotes":""},"class_list":["post-45","page","type-page","status-publish","hentry"],"_links":{"self":[{"href":"https:\/\/cityelectro.ch\/index.php\/wp-json\/wp\/v2\/pages\/45","targetHints":{"allow":["GET"]}}],"collection":[{"href":"https:\/\/cityelectro.ch\/index.php\/wp-json\/wp\/v2\/pages"}],"about":[{"href":"https:\/\/cityelectro.ch\/index.php\/wp-json\/wp\/v2\/types\/page"}],"author":[{"embeddable":true,"href":"https:\/\/cityelectro.ch\/index.php\/wp-json\/wp\/v2\/users\/1"}],"replies":[{"embeddable":true,"href":"https:\/\/cityelectro.ch\/index.php\/wp-json\/wp\/v2\/comments?post=45"}],"version-history":[{"count":19,"href":"https:\/\/cityelectro.ch\/index.php\/wp-json\/wp\/v2\/pages\/45\/revisions"}],"predecessor-version":[{"id":434,"href":"https:\/\/cityelectro.ch\/index.php\/wp-json\/wp\/v2\/pages\/45\/revisions\/434"}],"wp:attachment":[{"href":"https:\/\/cityelectro.ch\/index.php\/wp-json\/wp\/v2\/media?parent=45"}],"curies":[{"name":"wp","href":"https:\/\/api.w.org\/{rel}","templated":true}]}}